{"id":2301,"date":"2019-06-30T14:59:32","date_gmt":"2019-06-30T12:59:32","guid":{"rendered":"https:\/\/affect-tomorrow.com\/?page_id=2301"},"modified":"2022-12-05T13:15:27","modified_gmt":"2022-12-05T12:15:27","slug":"danke","status":"publish","type":"page","link":"https:\/\/affect-tomorrow.com\/en\/danke\/","title":{"rendered":"Danke"},"content":{"rendered":"<p>[et_pb_section fb_built=&#8220;1&#8243; fullwidth=&#8220;on&#8220; admin_label=&#8220;Section&#8220; module_class=&#8220;dh-valign-center-section&#8220; _builder_version=&#8220;4.19.2&#8243; _module_preset=&#8220;default&#8220; background_color=&#8220;RGBA(255,255,255,0)&#8220; use_background_color_gradient=&#8220;on&#8220; background_color_gradient_stops=&#8220;rgba(255,255,255,0.5) 0%|rgba(255,255,255,0.72) 100%&#8220; background_color_gradient_overlays_image=&#8220;on&#8220; background_image=&#8220;https:\/\/affect-tomorrow.com\/wp-content\/uploads\/2022\/01\/Welle_Blog.jpg&#8220; min_height=&#8220;95vh&#8220; da_disable_devices=&#8220;off|off|off&#8220; global_colors_info=&#8220;{}&#8220; da_is_popup=&#8220;off&#8220; da_exit_intent=&#8220;off&#8220; da_has_close=&#8220;on&#8220; da_alt_close=&#8220;off&#8220; da_dark_close=&#8220;off&#8220; da_not_modal=&#8220;on&#8220; da_is_singular=&#8220;off&#8220; da_with_loader=&#8220;off&#8220; da_has_shadow=&#8220;on&#8220;][et_pb_fullwidth_header title=&#8220;Danke!&#8220; text_orientation=&#8220;center&#8220; button_two_text=&#8220;zur Startseite&#8220; button_two_url=&#8220;@ET-DC@eyJkeW5hbWljIjp0cnVlLCJjb250ZW50IjoicG9zdF9saW5rX3VybF9wYWdlIiwic2V0dGluZ3MiOnsicG9zdF9pZCI6IjcxIn19@&#8220; background_overlay_color=&#8220;RGBA(255,255,255,0)&#8220; _builder_version=&#8220;4.19.2&#8243; _dynamic_attributes=&#8220;button_two_url&#8220; _module_preset=&#8220;default&#8220; title_font=&#8220;|700|||||||&#8220; title_font_size=&#8220;6em&#8220; content_font_size=&#8220;2rem&#8220; content_line_height=&#8220;1.5em&#8220; background_color=&#8220;RGBA(255,255,255,0)&#8220; custom_button_one=&#8220;on&#8220; button_one_text_size=&#8220;1em&#8220; button_one_text_color=&#8220;#FFFFFF&#8220; button_one_bg_color=&#8220;#1baae8&#8243; button_one_border_width=&#8220;0px&#8220; button_one_border_radius=&#8220;0px&#8220; button_one_font=&#8220;|700|||||||&#8220; button_one_icon=&#8220;&#x35;||divi||400&#8243; button_one_on_hover=&#8220;off&#8220; custom_button_two=&#8220;on&#8220; button_two_text_size=&#8220;18px&#8220; button_two_text_color=&#8220;#FFFFFF&#8220; button_two_bg_color=&#8220;#1462aa&#8220; button_two_border_width=&#8220;0px&#8220; button_two_font=&#8220;|600|||||||&#8220; button_two_icon=&#8220;&#x35;||divi||400&#8243; button_two_on_hover=&#8220;off&#8220; button_two_custom_margin=&#8220;12vh||||false|false&#8220; button_two_custom_padding=&#8220;10px||10px||false|false&#8220; background_layout=&#8220;light&#8220; hover_enabled=&#8220;0&#8243; custom_css_button_1=&#8220;border-top-right-radius: 25px;||border-top-left-radius: 0px;||    border-bottom-right-radius: 0px;||    border-bottom-left-radius: 0px;&#8220; custom_css_button_2=&#8220;border-top-right-radius: 25px;||border-top-left-radius: 0px;||    border-bottom-right-radius: 0px;||    border-bottom-left-radius: 0px;&#8220; box_shadow_style_button_two=&#8220;preset2&#8243; global_colors_info=&#8220;{}&#8220; button_two_bg_color__hover_enabled=&#8220;on|desktop&#8220; button_two_bg_color__hover=&#8220;#E09900&#8243; button_two_bg_enable_color__hover=&#8220;on&#8220; content_text_color=&#8220;#515151&#8243; title_text_color=&#8220;#515151&#8243; sticky_enabled=&#8220;0&#8243;]<\/p>\n<p>&nbsp;<\/p>\n<p>Vielen Dank f\u00fcr Ihre Buchung.<\/p>\n<p>Sie erhalten in K\u00fcrze ein Best\u00e4tigungsmail an die von Ihnen angegebene E-Mail-Adresse.<\/p>\n<p>[\/et_pb_fullwidth_header][\/et_pb_section][et_pb_section fb_built=&#8220;1&#8243; fullwidth=&#8220;on&#8220; disabled_on=&#8220;on|on|on&#8220; admin_label=&#8220;Section&#8220; _builder_version=&#8220;4.19.2&#8243; custom_margin=&#8220;3vh||||false|false&#8220; da_disable_devices=&#8220;off|off|off&#8220; disabled=&#8220;on&#8220; global_colors_info=&#8220;{}&#8220; da_is_popup=&#8220;off&#8220; da_exit_intent=&#8220;off&#8220; da_has_close=&#8220;on&#8220; da_alt_close=&#8220;off&#8220; da_dark_close=&#8220;off&#8220; da_not_modal=&#8220;on&#8220; da_is_singular=&#8220;off&#8220; da_with_loader=&#8220;off&#8220; da_has_shadow=&#8220;on&#8220;][et_pb_fullwidth_image src=&#8220;https:\/\/affect-tomorrow.com\/wp-content\/uploads\/2019\/06\/Danke.jpg&#8220; _builder_version=&#8220;4.16&#8243; custom_margin=&#8220;-30px||0px&#8220; custom_margin_tablet=&#8220;&#8220; custom_margin_phone=&#8220;&#8220; custom_margin_last_edited=&#8220;on|desktop&#8220; z_index_tablet=&#8220;500&#8243; box_shadow_horizontal_tablet=&#8220;0px&#8220; box_shadow_vertical_tablet=&#8220;0px&#8220; box_shadow_blur_tablet=&#8220;40px&#8220; box_shadow_spread_tablet=&#8220;0px&#8220; global_colors_info=&#8220;{}&#8220;][\/et_pb_fullwidth_image][\/et_pb_section][et_pb_section fb_built=&#8220;1&#8243; disabled_on=&#8220;on|on|on&#8220; admin_label=&#8220;Section&#8220; _builder_version=&#8220;4.19.2&#8243; background_color=&#8220;#f6f7fa&#8220; use_background_color_gradient=&#8220;on&#8220; background_color_gradient_stops=&#8220;#ffffff 0%|#f6f7fa 100%&#8220; background_color_gradient_start=&#8220;#ffffff&#8220; background_color_gradient_end=&#8220;#f6f7fa&#8220; custom_padding=&#8220;0|0px|0px|0px|false|false&#8220; da_disable_devices=&#8220;off|off|off&#8220; disabled=&#8220;on&#8220; global_colors_info=&#8220;{}&#8220; da_is_popup=&#8220;off&#8220; da_exit_intent=&#8220;off&#8220; da_has_close=&#8220;on&#8220; da_alt_close=&#8220;off&#8220; da_dark_close=&#8220;off&#8220; da_not_modal=&#8220;on&#8220; da_is_singular=&#8220;off&#8220; da_with_loader=&#8220;off&#8220; da_has_shadow=&#8220;on&#8220;][et_pb_row _builder_version=&#8220;4.16&#8243; custom_padding=&#8220;30px|0px|27px|0px|false|false&#8220; global_colors_info=&#8220;{}&#8220;][et_pb_column type=&#8220;4_4&#8243; _builder_version=&#8220;4.16&#8243; custom_padding=&#8220;|||&#8220; global_colors_info=&#8220;{}&#8220; custom_padding__hover=&#8220;|||&#8220;][et_pb_text _builder_version=&#8220;4.16&#8243; z_index_tablet=&#8220;500&#8243; text_text_shadow_horizontal_length_tablet=&#8220;0px&#8220; text_text_shadow_vertical_length_tablet=&#8220;0px&#8220; text_text_shadow_blur_strength_tablet=&#8220;1px&#8220; link_text_shadow_horizontal_length_tablet=&#8220;0px&#8220; link_text_shadow_vertical_length_tablet=&#8220;0px&#8220; link_text_shadow_blur_strength_tablet=&#8220;1px&#8220; ul_text_shadow_horizontal_length_tablet=&#8220;0px&#8220; ul_text_shadow_vertical_length_tablet=&#8220;0px&#8220; ul_text_shadow_blur_strength_tablet=&#8220;1px&#8220; ol_text_shadow_horizontal_length_tablet=&#8220;0px&#8220; ol_text_shadow_vertical_length_tablet=&#8220;0px&#8220; ol_text_shadow_blur_strength_tablet=&#8220;1px&#8220; quote_text_shadow_horizontal_length_tablet=&#8220;0px&#8220; quote_text_shadow_vertical_length_tablet=&#8220;0px&#8220; quote_text_shadow_blur_strength_tablet=&#8220;1px&#8220; header_text_shadow_horizontal_length_tablet=&#8220;0px&#8220; header_text_shadow_vertical_length_tablet=&#8220;0px&#8220; header_text_shadow_blur_strength_tablet=&#8220;1px&#8220; header_2_text_shadow_horizontal_length_tablet=&#8220;0px&#8220; header_2_text_shadow_vertical_length_tablet=&#8220;0px&#8220; header_2_text_shadow_blur_strength_tablet=&#8220;1px&#8220; header_3_text_shadow_horizontal_length_tablet=&#8220;0px&#8220; header_3_text_shadow_vertical_length_tablet=&#8220;0px&#8220; header_3_text_shadow_blur_strength_tablet=&#8220;1px&#8220; header_4_text_shadow_horizontal_length_tablet=&#8220;0px&#8220; header_4_text_shadow_vertical_length_tablet=&#8220;0px&#8220; header_4_text_shadow_blur_strength_tablet=&#8220;1px&#8220; header_5_text_shadow_horizontal_length_tablet=&#8220;0px&#8220; header_5_text_shadow_vertical_length_tablet=&#8220;0px&#8220; header_5_text_shadow_blur_strength_tablet=&#8220;1px&#8220; header_6_text_shadow_horizontal_length_tablet=&#8220;0px&#8220; header_6_text_shadow_vertical_length_tablet=&#8220;0px&#8220; header_6_text_shadow_blur_strength_tablet=&#8220;1px&#8220; box_shadow_horizontal_tablet=&#8220;0px&#8220; box_shadow_vertical_tablet=&#8220;0px&#8220; box_shadow_blur_tablet=&#8220;40px&#8220; box_shadow_spread_tablet=&#8220;0px&#8220; global_colors_info=&#8220;{}&#8220;]<\/p>\n<h2 style=\"text-align: center;\"><strong>Vielen Dank f\u00fcr Ihre Buchung.<\/strong><\/h2>\n<p style=\"text-align: center;\">Sie erhalten in K\u00fcrze ein Best\u00e4tigungsmail mit Ihren gebuchten Terminen an die von Ihnen angegebene Email-Adresse.<\/p>\n<p>[\/et_pb_text][et_pb_text _builder_version=&#8220;4.16&#8243; text_font=&#8220;||||||||&#8220; background_color=&#8220;#0e99ea&#8220; background_layout=&#8220;dark&#8220; width=&#8220;17%&#8220; module_alignment=&#8220;right&#8220; custom_margin=&#8220;||25px|||&#8220; custom_padding=&#8220;10px||10px|||&#8220; link_option_url=&#8220;https:\/\/affect-tomorrow.com&#8220; border_radii=&#8220;||20px||&#8220; locked=&#8220;off&#8220; inline_fonts=&#8220;Elegant Icons&#8220; global_colors_info=&#8220;{}&#8220; background__hover_enabled=&#8220;on&#8220; background_color__hover=&#8220;#0c71c3&#8243;]<\/p>\n<p style=\"text-align: center;\"><strong>zur Startseite &gt;<\/strong><\/p>\n<p>[\/et_pb_text][\/et_pb_column][\/et_pb_row][\/et_pb_section]<\/p>\n","protected":false},"excerpt":{"rendered":"<p>&nbsp; Vielen Dank f\u00fcr Ihre Buchung. Sie erhalten in K\u00fcrze ein Best\u00e4tigungsmail an die von Ihnen angegebene E-Mail-Adresse.Vielen Dank f\u00fcr Ihre Buchung. Sie erhalten in K\u00fcrze ein Best\u00e4tigungsmail mit Ihren gebuchten Terminen an die von Ihnen angegebene Email-Adresse. zur Startseite &gt;<\/p>","protected":false},"author":1,"featured_media":0,"parent":0,"menu_order":0,"comment_status":"closed","ping_status":"closed","template":"","meta":{"_et_pb_use_builder":"on","_et_pb_old_content":"","_et_gb_content_width":"","footnotes":""},"class_list":["post-2301","page","type-page","status-publish","hentry"],"_links":{"self":[{"href":"https:\/\/affect-tomorrow.com\/en\/wp-json\/wp\/v2\/pages\/2301","targetHints":{"allow":["GET"]}}],"collection":[{"href":"https:\/\/affect-tomorrow.com\/en\/wp-json\/wp\/v2\/pages"}],"about":[{"href":"https:\/\/affect-tomorrow.com\/en\/wp-json\/wp\/v2\/types\/page"}],"author":[{"embeddable":true,"href":"https:\/\/affect-tomorrow.com\/en\/wp-json\/wp\/v2\/users\/1"}],"replies":[{"embeddable":true,"href":"https:\/\/affect-tomorrow.com\/en\/wp-json\/wp\/v2\/comments?post=2301"}],"version-history":[{"count":10,"href":"https:\/\/affect-tomorrow.com\/en\/wp-json\/wp\/v2\/pages\/2301\/revisions"}],"predecessor-version":[{"id":277017,"href":"https:\/\/affect-tomorrow.com\/en\/wp-json\/wp\/v2\/pages\/2301\/revisions\/277017"}],"wp:attachment":[{"href":"https:\/\/affect-tomorrow.com\/en\/wp-json\/wp\/v2\/media?parent=2301"}],"curies":[{"name":"wp","href":"https:\/\/api.w.org\/{rel}","templated":true}]}}